{"id":125,"date":"2023-03-20T19:14:17","date_gmt":"2023-03-20T19:14:17","guid":{"rendered":"https:\/\/danaida.at\/?page_id=125"},"modified":"2023-05-17T06:57:36","modified_gmt":"2023-05-17T06:57:36","slug":"agb","status":"publish","type":"page","link":"https:\/\/danaida.at\/index.php\/agb\/","title":{"rendered":"AGB"},"content":{"rendered":"\n<p><strong>Anmeldung<\/strong><\/p>\n\n\n\n<p>F\u00fcr alle Kursen, Workshops und Veranstaltungen ist eine Anmeldung erforderlich:<\/p>\n\n\n\n<p>F\u00fcr Kurse (Deutschkurse, Alphabetisierung, Basisbildung) ist dar\u00fcber hinaus eine pers\u00f6nliche Anmeldung wichtig, damit wir mit Ihnen die Fragen zu Ihren Vorkenntnissen und Lernzielen besprechen k\u00f6nnen. Vereinbaren Sie daf\u00fcr einen Termin unter: Telefon: 0316 71 06 60 oder per Mail: <a href=\"mailto:office@danaida.at\">office@danaida.at<\/a>. Bitte bringen Sie zur Anmeldung Ihren Meldezettel, einen Ausweis und Best\u00e4tigungen bereits absolvierter Kurse mit.<\/p>\n\n\n\n<p><strong>Teilnahme<\/strong><\/p>\n\n\n\n<p>Das Angebot des Vereins Danaida richtet sich grunds\u00e4tzlich an Frauen.<br>Wenn Sie angemeldet sind, werden Sie zum n\u00e4chsten passenden Kurs eingeladen.<\/p>\n\n\n\n<p>Bitte informieren Sie uns, wenn Sie aus irgendeinem Grund doch nicht teilnehmen k\u00f6nnen.<br>Falls Sie w\u00e4hrend eines laufenden Kurses an einzelnen Terminen verhindert sind, teilen Sie uns dies mit, damit wir Ihren Kursplatz f\u00fcr Sie frei halten. Sollten Sie drei Mal ohne Nachricht abwesend sein, behalten wir uns vor den Kursplatz an eine andere Interessentin zu vergeben.<\/p>\n\n\n\n<p><strong>Stornobedingungen<\/strong><\/p>\n\n\n\n<p>Vor Beginn des Kurses kann eine Teilnahme kostenlos storniert werden.<\/p>\n\n\n\n<p><strong>Bezahlung<\/strong><\/p>\n\n\n\n<p>Der Unkostenbeitrag f\u00fcr den Deutschkurs wird mit Einstieg in den Kurs f\u00e4llig. Ihre Kursleiterin informiert Sie \u00fcber die Zahlungsmodalit\u00e4ten.<\/p>\n\n\n\n<p>Die Kurse der Basisbildung sind kostenlos.<\/p>\n\n\n\n<p>Die begleitende Kinderbetreuung ist ebenso kostenlos.<\/p>\n\n\n\n<p>F\u00fcr Teilnehmerinnen, die sich in der Grundversorgung befinden, werden keine Unkostenbeitr\u00e4ge eingehoben.<br>Bei besonderer sozialer Bed\u00fcrftigkeit ersuchen wir um einen Einkommensnachweis zur Kl\u00e4rung einer Erm\u00e4\u00dfigung des Unkostenbeitrags.<\/p>\n\n\n\n<p><strong>Bankverbindung f\u00fcr die Bezahlung der Kursbeitr\u00e4ge:<\/strong><br>Kontobezeichnung: Verein Danaida<br>Bankverbindung: Erste Bank und Sparkasse<br>IBAN: AT54 2081 5025 0071 6879<\/p>\n\n\n\n<p><strong>Ort der Kurse<\/strong><\/p>\n\n\n\n<p>Die Veranstaltungen finden, wenn nicht anders angegeben, bei Danaida statt.<\/p>\n\n\n\n<p><strong>Beratung<\/strong><\/p>\n\n\n\n<p>Jede Beratung ist kostenlos und vertraulich. Beratungen mit Dolmetscherin sind m\u00f6glich. Bitte teilen Sie uns den Bedarf vorab mit.<\/p>\n\n\n\n<p><strong>Haftpflicht<\/strong><\/p>\n\n\n\n<p>Der Verein Danaida \u00fcbernimmt keine Haftung f\u00fcr wie auch immer geartete Sch\u00e4den.<\/p>\n","protected":false},"excerpt":{"rendered":"<p>Anmeldung F\u00fcr alle Kursen, Workshops und Veranstaltungen ist eine Anmeldung erforderlich: F\u00fcr Kurse (Deutschkurse, Alphabetisierung, Basisbildung) ist dar\u00fcber hinaus eine pers\u00f6nliche Anmeldung wichtig, damit wir mit Ihnen die Fragen zu Ihren Vorkenntnissen und Lernzielen besprechen k\u00f6nnen. Vereinbaren Sie daf\u00fcr einen Termin unter: Telefon: 0316 71 06 60 oder per Mail: office@danaida.at. Bitte bringen Sie zur Anmeldung Ihren Meldezettel, einen Ausweis und Best\u00e4tigungen bereits absolvierter Kurse&#8230; <\/p>\n<p class=\"more\"><a class=\"more-link\" href=\"https:\/\/danaida.at\/index.php\/agb\/\">Read More<\/a><\/p>\n","protected":false},"author":1,"featured_media":0,"parent":0,"menu_order":0,"comment_status":"closed","ping_status":"closed","template":"","meta":{"footnotes":""},"class_list":["post-125","page","type-page","status-publish","hentry","is-cat-link-line-before"],"_links":{"self":[{"href":"https:\/\/danaida.at\/index.php\/wp-json\/wp\/v2\/pages\/125","targetHints":{"allow":["GET"]}}],"collection":[{"href":"https:\/\/danaida.at\/index.php\/wp-json\/wp\/v2\/pages"}],"about":[{"href":"https:\/\/danaida.at\/index.php\/wp-json\/wp\/v2\/types\/page"}],"author":[{"embeddable":true,"href":"https:\/\/danaida.at\/index.php\/wp-json\/wp\/v2\/users\/1"}],"replies":[{"embeddable":true,"href":"https:\/\/danaida.at\/index.php\/wp-json\/wp\/v2\/comments?post=125"}],"version-history":[{"count":3,"href":"https:\/\/danaida.at\/index.php\/wp-json\/wp\/v2\/pages\/125\/revisions"}],"predecessor-version":[{"id":205,"href":"https:\/\/danaida.at\/index.php\/wp-json\/wp\/v2\/pages\/125\/revisions\/205"}],"wp:attachment":[{"href":"https:\/\/danaida.at\/index.php\/wp-json\/wp\/v2\/media?parent=125"}],"curies":[{"name":"wp","href":"https:\/\/api.w.org\/{rel}","templated":true}]}}