{"id":163,"date":"2023-05-15T07:39:17","date_gmt":"2023-05-15T07:39:17","guid":{"rendered":"https:\/\/danaida.at\/?page_id=163"},"modified":"2023-05-15T09:42:53","modified_gmt":"2023-05-15T09:42:53","slug":"leitbild","status":"publish","type":"page","link":"https:\/\/danaida.at\/index.php\/leitbild\/","title":{"rendered":"Leitbild"},"content":{"rendered":"\n<p><\/p>\n\n\n\n<p><\/p>\n\n\n\n<p><strong>1) Unsere Identit\u00e4t<\/strong><br>Wir sind eine \u00fcberparteiliche, \u00fcberkonfessionelle und gemeinn\u00fctzige Bildungseinrichtung von und mit Frauen.<br><br><strong>2) Unsere Werte<\/strong><br>Uns leiten feministische und gesellschaftspolitisch-kritische Ans\u00e4tze. Wir denken und handeln diversit\u00e4tsbewusst, wertsch\u00e4tzend und ressourcenorientiert. Das Interesse, die Neugierde und Freude voneinander zu lernen, sind zentrale Aspekte unserer Arbeit.<br>Wir setzen uns f\u00fcr eine Gesellschaft ein, in der Diversit\u00e4t als Ressource gesehen wird, alle Menschen gleicherma\u00dfen respektiert und anerkannt werden und Zugang zu den Ressourcen haben.<br><br><strong>3) Unsere Auftraggeber_innen<\/strong><br>sind einerseits Subventionsgeber_innen, auf der anderen Seite Frauen, die Deutsch lernen wollen oder m\u00fcssen, mit ihren Kindern, Menschen, die sich weiterbilden m\u00f6chten sowie Vernetzungs-partner_innen.<br><br><strong>4) Unsere Ziele<\/strong><br>Vorrangiges Ziel unserer Organisation ist es, Frauen und Kinder zu st\u00e4rken, um ihnen Partizipation an der \u00f6sterreichischen Gesellschaft zu erm\u00f6glichen. Wir wollen durch unsere wertsch\u00e4tzende, diversit\u00e4tsbewusste, ressourcenorientierte Haltung Bewusstseinsbildung auf unterschiedlichen Ebenen f\u00f6rdern. Damit wollen wir auch auf die Wahrnehmung der Migrant_innen in der Gesellschaft Einfluss nehmen.<br>Danaida will als innovative Auftragnehmerin anerkannt und als verantwortungsbewusste Arbeitgeberin gesch\u00e4tzt sein.<br><br><strong>5) Unsere St\u00e4rken<\/strong><br>Wir sind ein mehrsprachiges, transkulturelles Team von Frauen mit vielf\u00e4ltigen fachlichen, p\u00e4dagogischen sowie sozialen Kompetenzen und Erfahrungen.<br>Wir entwickeln und setzen zukunftsweisende, neue Projektideen &#8211; auch in Kooperation mit Netzwerken und Partnerinnen &#8211; kreativ um.<br>Wir begleiten Frauen in ihrem Prozess des Empowerments.<br><br><strong>6) Unsere Angebote:<\/strong><\/p>\n\n\n\n<ul class=\"wp-block-list\">\n<li>Basisbildung mit Migrantinnen<\/li>\n\n\n\n<li>Deutschkurse<\/li>\n\n\n\n<li>begleitende Kinderbetreuung<\/li>\n\n\n\n<li>Beratung<\/li>\n\n\n\n<li>Workshops und Seminare<\/li>\n\n\n\n<li>Treffpunkt mit Bewegung, Sprache, gemeinsam Kochen usw.<\/li>\n\n\n\n<li>Materialien zur \u00d6ffentlichkeitsarbeit<\/li>\n<\/ul>\n\n\n\n<p><strong>7) Unsere Ressourcen<\/strong><br>Unser Team setzt sich aus engagierten, kompetenten Mitarbeiterinnen zusammen, die gro\u00dfteils \u00fcber langj\u00e4hrige relevante Erfahrungen verf\u00fcgen.<br>Unsere finanziellen Ressourcen sind Subventionen von \u00f6ffentlichen Stellen (Stadt, Land, Bund, EU) Kurs- und Mitgliedsbeitr\u00e4ge sowie Spenden.<br>Wir verf\u00fcgen \u00fcber eine entsprechende Infrastruktur bestehend aus R\u00e4umlichkeiten, technischer Ausstattung sowie umfassendem p\u00e4dagogischen Material.<br><br><strong>8) Gelungenes Lernen<\/strong><br>Unsere Teilnehmerinnen nehmen Handwerkszeug f\u00fcr Alltag, Bildung und Beruf mit.<br>Sie wenden das Gelernte au\u00dferhalb von Danaida an, kennen ihre eigenen Ressourcen und setzen diese auch ein.<br>Damit Lernen gelingen kann, schaffen wir eine ansprechende Lernumgebung. Dadurch haben die Teilnehmerinnen Lernen als etwas Positives erfahren und wollen weiterlernen. Sie haben gelernt, sich mit ihrer Situation auseinander zu setzen und ihre Meinung zu vertreten. Sie k\u00f6nnen ihr Wissen\/ihre Kompetenzen selbstst\u00e4ndig erweitern und vertiefen.<br><em>Aktualisiert: Oktober 2022<\/em><\/p>\n","protected":false},"excerpt":{"rendered":"<p>1) Unsere Identit\u00e4tWir sind eine \u00fcberparteiliche, \u00fcberkonfessionelle und gemeinn\u00fctzige Bildungseinrichtung von und mit Frauen. 2) Unsere WerteUns leiten feministische und gesellschaftspolitisch-kritische Ans\u00e4tze. Wir denken und handeln diversit\u00e4tsbewusst, wertsch\u00e4tzend und ressourcenorientiert. Das Interesse, die Neugierde und Freude voneinander zu lernen, sind zentrale Aspekte unserer Arbeit.Wir setzen uns f\u00fcr eine Gesellschaft ein, in der Diversit\u00e4t als Ressource gesehen wird, alle Menschen gleicherma\u00dfen respektiert und anerkannt werden und&#8230; <\/p>\n<p class=\"more\"><a class=\"more-link\" href=\"https:\/\/danaida.at\/index.php\/leitbild\/\">Read More<\/a><\/p>\n","protected":false},"author":1,"featured_media":0,"parent":0,"menu_order":0,"comment_status":"closed","ping_status":"closed","template":"","meta":{"footnotes":""},"class_list":["post-163","page","type-page","status-publish","hentry","is-cat-link-line-before"],"_links":{"self":[{"href":"https:\/\/danaida.at\/index.php\/wp-json\/wp\/v2\/pages\/163","targetHints":{"allow":["GET"]}}],"collection":[{"href":"https:\/\/danaida.at\/index.php\/wp-json\/wp\/v2\/pages"}],"about":[{"href":"https:\/\/danaida.at\/index.php\/wp-json\/wp\/v2\/types\/page"}],"author":[{"embeddable":true,"href":"https:\/\/danaida.at\/index.php\/wp-json\/wp\/v2\/users\/1"}],"replies":[{"embeddable":true,"href":"https:\/\/danaida.at\/index.php\/wp-json\/wp\/v2\/comments?post=163"}],"version-history":[{"count":4,"href":"https:\/\/danaida.at\/index.php\/wp-json\/wp\/v2\/pages\/163\/revisions"}],"predecessor-version":[{"id":188,"href":"https:\/\/danaida.at\/index.php\/wp-json\/wp\/v2\/pages\/163\/revisions\/188"}],"wp:attachment":[{"href":"https:\/\/danaida.at\/index.php\/wp-json\/wp\/v2\/media?parent=163"}],"curies":[{"name":"wp","href":"https:\/\/api.w.org\/{rel}","templated":true}]}}