{"id":23,"date":"2023-03-20T17:03:12","date_gmt":"2023-03-20T17:03:12","guid":{"rendered":"https:\/\/danaida.at\/?page_id=23"},"modified":"2023-05-15T11:22:50","modified_gmt":"2023-05-15T11:22:50","slug":"deutschkurse","status":"publish","type":"page","link":"https:\/\/danaida.at\/index.php\/deutschkurse\/","title":{"rendered":"Deutschkurse"},"content":{"rendered":"\n<p><strong>Der Verein DANAIDA ist in Graz die einzige Einrichtung, die Deutschkurse ausschlie\u00dflich f\u00fcr Frauen und mit begleitender Kinderbetreuung anbietet. Der erste Schritt aus der Isolation, in der viele Frauen aufgrund ihrer famili\u00e4ren Betreuungspflichten leben, ist oftmals der Besuch eines Sprachkurses. Um auch Frauen mit kleineren Kindern den Besuch eines Sprachkurses zu erm\u00f6glichen, wird w\u00e4hrend der Kurszeiten eine Kinderbetreuung angeboten.<\/strong><\/p>\n\n\n\n<h3 class=\"wp-block-heading\"><strong>Methoden und Ziele<\/strong><strong><\/strong><\/h3>\n\n\n\n<ul class=\"wp-block-list\">\n<li>die Deutschkurse sind zielgruppenorientiert, d.h. es werden frauenspezifische und alltagsbezogene Themen angeboten und es wird auf eine flexible Gestaltung und Methodenvielfalt geachtet.<\/li>\n\n\n\n<li>Ausgangpunkt ist ein kommunikativer Ansatz, bei dem die Erweiterung der kommunikativen Kompetenz angestrebt wird und die Fertigkeit \u201cSprechen\u201d vorrangig ist.<\/li>\n\n\n\n<li>Lernerfahrungen und Sozialisation werden ber\u00fccksichtigt und die Frauen werden dort abgeholt, wo sie stehen.<\/li>\n\n\n\n<li>Die Kursleiterin ist Anlaufstelle f\u00fcr Probleme, vermittelt Information und schafft eine Vertrauensbasis.<\/li>\n\n\n\n<li>Es wird ein niedrigschwelliges Angebot geschaffen, das auch Frauen mit geringen oder keinen Deutschkenntnissen und Lernerfahrungen anspricht.<\/li>\n\n\n\n<li>Es werden vielf\u00e4ltige Unterrichtsformen eingesetzt wie Einzel-, Partnerinnen- und Gruppenarbeit sowie Klassenunterricht.<\/li>\n\n\n\n<li>Die F\u00f6rderung des transkulturellen Austausches durch multilinguale Gruppeneinteilung oder die Thematisierung der Lern- und Lebenserfahrungen im Kurs wird angestrebt.<\/li>\n<\/ul>\n\n\n\n<h3 class=\"wp-block-heading\"><strong>Informationseinheiten und thematische Schwerpunkte<\/strong><\/h3>\n\n\n\n<p>In Informationseinheiten und thematischen Schwerpunkten werden Fragen und Inhalte, die im Rahmen der Deutschkurse auftreten und nicht ausreichend behandelt k\u00f6nnen, aufgegriffen und gesondert er\u00f6rtert. Diese Informationseinheiten beziehen sich vor allem auf den Themenbereich Schule, Erziehung, Arbeit, Gesundheit, rechtliche Fragen, Beh\u00f6rden. Zus\u00e4tzlich werden Initiativen, die f\u00fcr Migrantinnen relevant sein k\u00f6nnten (Frauenhaus, Interventionsstelle, Omega, Kindergarten\/Schule, Magistratseinrichtungen, MigrantInnenbeirat) vorgestellt. Fallweise werden Exkursionen zu diversen Einrichtungen durchgef\u00fchrt .<\/p>\n\n\n\n<p>Eine wichtige Neuerung stellt die Einbeziehung von Smartphones und Apps in den Deutschunterricht dar. Sie werden immer st\u00e4rker in die Unterrichtsaktivit\u00e4ten von DANAIDA eingegliedert und zum selbstgesteuerten Lernen genutzt, d. h. dass die Lernenden sowohl Inhalt als auch Tempo bei der Bearbeitung von Aufgaben selbst bestimmen k\u00f6nnen.<br>Durch die Einbeziehung von digitalem Lernen in die Deutschkurse, k\u00f6nnen den Frauen auch au\u00dferhalb des Kurses \u00fcben und alle sprachlichen Kompetenzen festigen.<\/p>\n\n\n\n<h3 class=\"wp-block-heading\"><strong>Kurstermine<\/strong><\/h3>\n\n\n\n<p>Es werden laufend Kurse f\u00fcr die Niveaus A1 bis A2 und manchmal auch B1 angeboten.<br>Voranmeldung ist jederzeit m\u00f6glich: Tel: (0316) 71 06 60,&nbsp;<a href=\"mailto:danaida@aon.at\">danaida@aon.at<\/a><br>Bitte informieren Sie sich auch bei Startpunkt Deutsch und lassen sich, wenn m\u00f6glich, da einstufen.&nbsp;<a rel=\"noreferrer noopener\" href=\"http:\/\/startpunktdeutsch.at\/\" target=\"_blank\"><strong>LINK<\/strong><\/a><\/p>\n\n\n\n<p>Parellel zu den Kursen wird f\u00fcr die Kinder der Teilnehmerinnen&nbsp;<strong>Kinderbetreuung<\/strong>&nbsp;angeboten.<\/p>\n\n\n\n<p>Weitere Informationen zu den Rahmenbedinungen finden Sie hier:&nbsp;<a href=\"https:\/\/danaida.at\/Danaida_INFORMATION_f_Teilnehmerinnen.pdf\" target=\"_blank\" rel=\"noreferrer noopener\">Danaida Informationen f\u00fcr Teilnehmerinnen hier.<\/a><\/p>\n","protected":false},"excerpt":{"rendered":"<p>Der Verein DANAIDA ist in Graz die einzige Einrichtung, die Deutschkurse ausschlie\u00dflich f\u00fcr Frauen und mit begleitender Kinderbetreuung anbietet. Der erste Schritt aus der Isolation, in der viele Frauen aufgrund ihrer famili\u00e4ren Betreuungspflichten leben, ist oftmals der Besuch eines Sprachkurses. Um auch Frauen mit kleineren Kindern den Besuch eines Sprachkurses zu erm\u00f6glichen, wird w\u00e4hrend der Kurszeiten eine Kinderbetreuung angeboten. Methoden und Ziele Informationseinheiten und thematische&#8230; <\/p>\n<p class=\"more\"><a class=\"more-link\" href=\"https:\/\/danaida.at\/index.php\/deutschkurse\/\">Read More<\/a><\/p>\n","protected":false},"author":1,"featured_media":0,"parent":0,"menu_order":0,"comment_status":"closed","ping_status":"closed","template":"","meta":{"footnotes":""},"class_list":["post-23","page","type-page","status-publish","hentry","is-cat-link-line-before"],"_links":{"self":[{"href":"https:\/\/danaida.at\/index.php\/wp-json\/wp\/v2\/pages\/23","targetHints":{"allow":["GET"]}}],"collection":[{"href":"https:\/\/danaida.at\/index.php\/wp-json\/wp\/v2\/pages"}],"about":[{"href":"https:\/\/danaida.at\/index.php\/wp-json\/wp\/v2\/types\/page"}],"author":[{"embeddable":true,"href":"https:\/\/danaida.at\/index.php\/wp-json\/wp\/v2\/users\/1"}],"replies":[{"embeddable":true,"href":"https:\/\/danaida.at\/index.php\/wp-json\/wp\/v2\/comments?post=23"}],"version-history":[{"count":4,"href":"https:\/\/danaida.at\/index.php\/wp-json\/wp\/v2\/pages\/23\/revisions"}],"predecessor-version":[{"id":192,"href":"https:\/\/danaida.at\/index.php\/wp-json\/wp\/v2\/pages\/23\/revisions\/192"}],"wp:attachment":[{"href":"https:\/\/danaida.at\/index.php\/wp-json\/wp\/v2\/media?parent=23"}],"curies":[{"name":"wp","href":"https:\/\/api.w.org\/{rel}","templated":true}]}}